{"id":119,"date":"2025-12-10T01:36:21","date_gmt":"2025-12-10T01:36:21","guid":{"rendered":"http:\/\/das3in.com.br\/about-us\/"},"modified":"2026-01-03T20:02:28","modified_gmt":"2026-01-03T20:02:28","slug":"about-us","status":"publish","type":"page","link":"https:\/\/das3in.com.br\/?page_id=119","title":{"rendered":"Sobre n\u00f3s"},"content":{"rendered":"\n<div class=\"wp-block-uagb-container uagb-block-c83c7f3f alignfull uagb-is-root-container\"><div class=\"uagb-container-inner-blocks-wrap\">\n<div class=\"wp-block-uagb-advanced-heading uagb-block-7ce29fef\"><h1 class=\"uagb-heading-text\">Um pouco sobre<br>a gente<\/h1><\/div>\n<\/div><\/div>\n\n\n\n<div class=\"wp-block-uagb-container uagb-layout-grid uagb-block-f9b6823f alignfull uagb-is-root-container\"><div class=\"uagb-container-inner-blocks-wrap\">\n<div class=\"wp-block-uagb-advanced-heading uagb-block-f14391ff\"><h3 class=\"uagb-heading-text\">Atuamos com intelig\u00eancia e compromisso<\/h3><\/div>\n\n\n\n<p>Somos uma empresa de impress\u00e3o 3D que n\u00e3o t\u00e1 s\u00f3 pra fazer coisa bonita \u2014 a ideia \u00e9 pegar aquele seu projeto na cabe\u00e7a e transformar em algo real, de verdade, com inova\u00e7\u00e3o, qualidade e um toque personalizado. <br><br>Nada \u00e9 feito no piloto autom\u00e1tico: cada passo \u00e9 pensado, do come\u00e7o ao fim, sempre colado com o cliente, pra deixar tudo redondinho. <br><br>Usamos materiais que aguentam o tranco e processos que n\u00e3o s\u00f3 funcionam bem, mas tamb\u00e9m respeitam o meio ambiente , porque, n\u00e9, d\u00e1 pra ser eficiente sem detonar o planeta. <br><br>No fim das contas, o que queremos mesmo \u00e9 entregar impress\u00f5es que sejam precisas, r\u00e1pidas e feitas sob medida, pra dar aquele g\u00e1s no seu projeto e fazer seu neg\u00f3cio decolar.<\/p>\n<\/div><\/div>\n\n\n\n<div class=\"wp-block-uagb-container uagb-block-9838c905 alignfull uagb-is-root-container\"><div class=\"uagb-container-inner-blocks-wrap\">\n<div class=\"wp-block-uagb-advanced-heading uagb-block-899619b6\"><h2 class=\"uagb-heading-text\">Nossa empresa<\/h2><p class=\"uagb-desc-text\">Das3in \u00e9 mais do que impress\u00e3o 3D: \u00e9 exist\u00eancia. Inspirados no conceito filos\u00f3fico de Dasein, o ser que se projeta no mundo, damos forma \u00e0s suas ideias, transformando possibilidades em realidade. <\/p><\/div>\n\n\n\n<div class=\"wp-block-uagb-image aligncenter uagb-block-f49f13f1 wp-block-uagb-image--layout-default wp-block-uagb-image--effect-zoomin wp-block-uagb-image--align-center\"><figure class=\"wp-block-uagb-image__figure\"><img loading=\"lazy\" decoding=\"async\" srcset=\"https:\/\/das3in.com.br\/wp-content\/uploads\/2026\/01\/SYMBOL-GR-1024x1024.png ,https:\/\/das3in.com.br\/wp-content\/uploads\/2026\/01\/SYMBOL-GR.png 780w, https:\/\/das3in.com.br\/wp-content\/uploads\/2026\/01\/SYMBOL-GR.png 360w\" sizes=\"auto, (max-width: 480px) 150px\" src=\"https:\/\/das3in.com.br\/wp-content\/uploads\/2026\/01\/SYMBOL-GR-1024x1024.png\" alt=\"\" class=\"uag-image-2151\" width=\"653\" height=\"653\" title=\"SYMBOL GR\" loading=\"lazy\" role=\"img\"\/><\/figure><\/div>\n<\/div><\/div>\n\n\n\n\n","protected":false},"excerpt":{"rendered":"<p>Um pouco sobrea gente Atuamos com intelig\u00eancia e compromisso Somos uma empresa de impress\u00e3o 3D que n\u00e3o t\u00e1 s\u00f3 pra fazer coisa bonita \u2014 a ideia \u00e9 pegar aquele seu projeto na cabe\u00e7a e transformar em algo real, de verdade, com inova\u00e7\u00e3o, qualidade e um toque personalizado. Nada \u00e9 feito no piloto autom\u00e1tico: cada passo [&hellip;]<\/p>\n","protected":false},"author":1,"featured_media":0,"parent":0,"menu_order":0,"comment_status":"closed","ping_status":"closed","template":"","meta":{"_uag_custom_page_level_css":"","site-sidebar-layout":"default","site-content-layout":"plain-container","ast-site-content-layout":"full-width-container","site-content-style":"unboxed","site-sidebar-style":"unboxed","ast-global-header-display":"","ast-banner-title-visibility":"","ast-main-header-display":"","ast-hfb-above-header-display":"","ast-hfb-below-header-display":"","ast-hfb-mobile-header-display":"","site-post-title":"disabled","ast-breadcrumbs-content":"","ast-featured-img":"disabled","footer-sml-layout":"","ast-disable-related-posts":"","theme-transparent-header-meta":"enabled","adv-header-id-meta":"","stick-header-meta":"","header-above-stick-meta":"","header-main-stick-meta":"","header-below-stick-meta":"","astra-migrate-meta-layouts":"set","ast-page-background-enabled":"default","ast-page-background-meta":{"desktop":{"background-color":"","background-image":"","background-repeat":"repeat","background-position":"center center","background-size":"auto","background-attachment":"scroll","background-type":"","background-media":"","overlay-type":"","overlay-color":"","overlay-opacity":"","overlay-gradient":""},"tablet":{"background-color":"","background-image":"","background-repeat":"repeat","background-position":"center center","background-size":"auto","background-attachment":"scroll","background-type":"","background-media":"","overlay-type":"","overlay-color":"","overlay-opacity":"","overlay-gradient":""},"mobile":{"background-color":"","background-image":"","background-repeat":"repeat","background-position":"center center","background-size":"auto","background-attachment":"scroll","background-type":"","background-media":"","overlay-type":"","overlay-color":"","overlay-opacity":"","overlay-gradient":""}},"ast-content-background-meta":{"desktop":{"background-color":"var(--ast-global-color-5)","background-image":"","background-repeat":"repeat","background-position":"center center","background-size":"auto","background-attachment":"scroll","background-type":"","background-media":"","overlay-type":"","overlay-color":"","overlay-opacity":"","overlay-gradient":""},"tablet":{"background-color":"var(--ast-global-color-5)","background-image":"","background-repeat":"repeat","background-position":"center center","background-size":"auto","background-attachment":"scroll","background-type":"","background-media":"","overlay-type":"","overlay-color":"","overlay-opacity":"","overlay-gradient":""},"mobile":{"background-color":"var(--ast-global-color-5)","background-image":"","background-repeat":"repeat","background-position":"center center","background-size":"auto","background-attachment":"scroll","background-type":"","background-media":"","overlay-type":"","overlay-color":"","overlay-opacity":"","overlay-gradient":""}},"footnotes":""},"class_list":["post-119","page","type-page","status-publish","hentry"],"aioseo_notices":[],"_hostinger_reach_plugin_has_subscription_block":false,"_hostinger_reach_plugin_is_elementor":false,"uagb_featured_image_src":{"full":false,"thumbnail":false,"medium":false,"medium_large":false,"large":false,"1536x1536":false,"2048x2048":false},"uagb_author_info":{"display_name":"caiomatheus.scs@gmail.com","author_link":"https:\/\/das3in.com.br\/?author=1"},"uagb_comment_info":0,"uagb_excerpt":"Um pouco sobrea gente Atuamos com intelig\u00eancia e compromisso Somos uma empresa de impress\u00e3o 3D que n\u00e3o t\u00e1 s\u00f3 pra fazer coisa bonita \u2014 a ideia \u00e9 pegar aquele seu projeto na cabe\u00e7a e transformar em algo real, de verdade, com inova\u00e7\u00e3o, qualidade e um toque personalizado. Nada \u00e9 feito no piloto autom\u00e1tico: cada passo&hellip;","_links":{"self":[{"href":"https:\/\/das3in.com.br\/index.php?rest_route=\/wp\/v2\/pages\/119","targetHints":{"allow":["GET"]}}],"collection":[{"href":"https:\/\/das3in.com.br\/index.php?rest_route=\/wp\/v2\/pages"}],"about":[{"href":"https:\/\/das3in.com.br\/index.php?rest_route=\/wp\/v2\/types\/page"}],"author":[{"embeddable":true,"href":"https:\/\/das3in.com.br\/index.php?rest_route=\/wp\/v2\/users\/1"}],"replies":[{"embeddable":true,"href":"https:\/\/das3in.com.br\/index.php?rest_route=%2Fwp%2Fv2%2Fcomments&post=119"}],"version-history":[{"count":20,"href":"https:\/\/das3in.com.br\/index.php?rest_route=\/wp\/v2\/pages\/119\/revisions"}],"predecessor-version":[{"id":2211,"href":"https:\/\/das3in.com.br\/index.php?rest_route=\/wp\/v2\/pages\/119\/revisions\/2211"}],"wp:attachment":[{"href":"https:\/\/das3in.com.br\/index.php?rest_route=%2Fwp%2Fv2%2Fmedia&parent=119"}],"curies":[{"name":"wp","href":"https:\/\/api.w.org\/{rel}","templated":true}]}}